{"id":23,"date":"2023-12-21T22:45:29","date_gmt":"2023-12-21T22:45:29","guid":{"rendered":"https:\/\/madamecatherine.ca\/?page_id=23"},"modified":"2024-01-12T01:33:43","modified_gmt":"2024-01-12T01:33:43","slug":"a-propos-de-moi","status":"publish","type":"page","link":"https:\/\/madamecatherine.ca\/","title":{"rendered":"Bienvenue !"},"content":{"rendered":"\n<h2 class=\"wp-block-heading\">\u00c0 propos de moi&#8230;<\/h2>\n\n\n\n<figure class=\"wp-block-image size-full\"><img loading=\"lazy\" decoding=\"async\" width=\"300\" height=\"128\" src=\"https:\/\/madamecatherine.ca\/wp-content\/uploads\/2023\/12\/madcat-e1703192260168.png\" alt=\"\" class=\"wp-image-8\"\/><\/figure>\n\n\n\n<figure class=\"wp-block-image size-large is-resized\"><img loading=\"lazy\" decoding=\"async\" width=\"1083\" height=\"1444\" src=\"https:\/\/madamecatherine.ca\/wp-content\/uploads\/2023\/12\/IMG_0307-edited.jpg\" alt=\"\" class=\"wp-image-26\" style=\"width:299px;height:auto\" srcset=\"https:\/\/madamecatherine.ca\/wp-content\/uploads\/2023\/12\/IMG_0307-edited.jpg 1083w, https:\/\/madamecatherine.ca\/wp-content\/uploads\/2023\/12\/IMG_0307-edited-225x300.jpg 225w, https:\/\/madamecatherine.ca\/wp-content\/uploads\/2023\/12\/IMG_0307-edited-768x1024.jpg 768w\" sizes=\"auto, (max-width: 1083px) 100vw, 1083px\" \/><\/figure>\n\n\n\n<details class=\"wp-block-details is-layout-flow wp-block-details-is-layout-flow\"><summary>Catherine Fontaine, bacheli\u00e8re en \u00e9ducation <br>pr\u00e9scolaire et en enseignement primaire<\/summary>\n<p><\/p>\n<\/details>\n\n\n\n<p><\/p>\n\n\n\n<p>Je suis une passionn\u00e9e de l\u2019enseignement au primaire, fi\u00e8re d\u2019un bagage scolaire depuis d\u00e9j\u00e0 20 ans, dont les sept derni\u00e8res ann\u00e9es dans ma classe flexible au deuxi\u00e8me cycle. Depuis mon tout jeune \u00e2ge, j\u2019ai grandi dans un univers de parents enseignants. P\u00e9dagogue dans l\u2019\u00e2me, dynamique et cr\u00e9ative, j\u2019ai \u0153uvr\u00e9 \u00e0 tous les niveaux\u00a0: de l\u2019enseignement du pr\u00e9scolaire jusqu\u2019au 3e cycle du primaire, des mesures d\u2019aide et de soutien \u00e0 l\u2019\u00e9l\u00e8ve, de la francisation au th\u00e9\u00e2tre, en passant par la gestion d\u2019\u00e9tablissement scolaire et la conception de guides p\u00e9dagogiques. J\u2019ai aussi fait du coaching pour les enseignants \u00e0 titre de professionnelle \u00e0 la p\u00e9dagogie, conseill\u00e8re p\u00e9dagogique et comme enseignante \u00ab\u00a0lead\u00a0\u00bb durant 4 ans. D\u2019aussi loin que je me souvienne, j\u2019ai toujours \u00e9t\u00e9 d\u00e9vou\u00e9e aux enfants, futurs citoyens de demain. \u00c9tant moi-m\u00eame m\u00e8re de trois merveilleux tr\u00e9sors, je peux comprendre facilement votre r\u00f4le de parent. M\u00e8re d\u2019un enfant \u00e0 d\u00e9fis particuliers, j\u2019ai eu la chance de collaborer depuis 14 ans avec plusieurs sp\u00e9cialistes qui m\u2019ont inspir\u00e9e et permis de d\u00e9velopper des pratiques probantes et innovantes. J\u2019ai \u00e9galement suivi plusieurs formations dont\u00a0: la douance, le TSA, la dyspraxie\/TAC, la dyslexie, la dysorthographie, la dyscalculie, le TDAH et l\u2019anxi\u00e9t\u00e9 chez les \u00e9l\u00e8ves.<\/p>\n\n\n\n<h1 class=\"wp-block-heading\"><br>Ma mission<\/h1>\n\n\n\n<p id=\"block-f4471f51-2818-4a23-a83f-8458818bb41f\">Oui, je crois que chaque enfant peut r\u00e9ussir ! Tous les \u00e9l\u00e8ves ont la capacit\u00e9 de d\u00e9velopper leur plein potentiel. Guid\u00e9e par une approche inclusive, dans un contexte de diff\u00e9renciation p\u00e9dagogique, je crois profond\u00e9ment que tous les enfant poss\u00e8dent de grandes forces qui sont des leviers \u00e0 l\u2019apprentissage. Tous les enfants ont des capacit\u00e9s extraordinaires et cheminent \u00e0 leur rythme. \u00c9tant moi-m\u00eame une \u00e9l\u00e8ve issue de la p\u00e9dagogie Freinet, ce courant de pens\u00e9e me colle \u00e0 la peau et me guide comme toile de fond dans ma pratique. Je crois donc \u00e0 la construction de concepts en contexte signifiant pour r\u00e9aliser des apprentissages profonds et durables. Je crois qu\u2019on peut amener l\u2019enfant \u00e0 se d\u00e9velopper par lui-m\u00eame et \u00e0 trouver de meilleures strat\u00e9gies en saisissant l\u2019occasion d\u2019\u00e9voluer, en d\u00e9veloppant chez-lui l\u2019urgence d\u2019apprendre et sa motivation intrins\u00e8que. Tout cela bien-s\u00fbr en collaboration avec la maison qui est au c\u0153ur de la r\u00e9ussite \u00e9ducative.<\/p>\n\n\n\n<h1 class=\"wp-block-heading\"><br>Mes services<\/h1>\n\n\n\n<p>J\u2019offre un service accueillant de tutorat scolaire o\u00f9 la proximit\u00e9, la bienveillance et le bien-\u00eatre de l\u2019\u00e9l\u00e8ve sont primordiaux. Je prends l\u2019enfant o\u00f9 il est rendu pour le faire cheminer. Je peux travailler en collaboration avec son milieu scolaire afin de s\u2019arrimer avec leurs cibles d\u2019apprentissage, objectifs, programmes particuliers ou plan de r\u00e9ussite ou d\u2019intervention. Je travaille principalement le fran\u00e7ais (lire, \u00e9crire et communiquer) et les math\u00e9matiques (raisonner et r\u00e9soudre) selon le programme primaire et pr\u00e9scolaire de formation \u00e0 l\u2019\u00e9cole qu\u00e9b\u00e9coise. Je peux aussi travailler toutes les mati\u00e8res du cursus primaire. Je m\u2019ajuste et m\u2019adapte aux besoins de l\u2019enfant et de ses parents. <\/p>\n\n\n\n<p>Nous pouvons \u00e9galement toucher aux comp\u00e9tences socio-\u00e9motionnelles et \u00e0 la gestion des \u00e9motions en contexte scolaire au besoin avec mon chapeau d\u2019enseignante. <\/p>\n\n\n\n<p>Les recherches indiquent qu\u2019on obtient des r\u00e9sultats selon l\u2019intensit\u00e9 et la fr\u00e9quence (ex:  au moins 3 fois par semaine durant un minimum de 9 semaines).<\/p>\n\n\n\n<h1 class=\"wp-block-heading\">Tarifs<\/h1>\n\n\n\n<p>Ouverture de dossier et entrevue : 50$ (frais unique)<\/p>\n\n\n\n<p>Selon le mandat et la situation, le tarif horaire variera de 50$ l&#8217;heure \u00e0 65$ l&#8217;heure selon le cas et par personne..<\/p>\n\n\n\n<h1 class=\"wp-block-heading\">Lieu<\/h1>\n\n\n\n<p>Le service s&#8217;adresse \u00e0 la client\u00e8le de Beauport, Sainte-Foy, Qu\u00e9bec et Charlesbourg exclusivement.<\/p>\n\n\n\n<p><strong>Forfaits :<\/strong><\/p>\n\n\n\n<ol class=\"wp-block-list\">\n<li>Conscience phonologique, d\u00e9codage et compr\u00e9hension en lecture<\/li>\n\n\n\n<li>R\u00e9gularit\u00e9 orthographique, vocabulaire, structure de phrase et composition \u00e9crite<\/li>\n\n\n\n<li>R\u00e9solution de probl\u00e8mes et construction de concepts math\u00e9matiques<\/li>\n\n\n\n<li>R\u00e9vision et enrichissement autour du plan de travail de la classe, \u00e9tude, devoirs et le\u00e7ons<\/li>\n\n\n\n<li>Francisation<\/li>\n\n\n\n<li>Accompagnement pour jeunes enseignants (r\u00f4le-conseil)<\/li>\n\n\n\n<li>Ressources professionnelles et p\u00e9dagogiques<\/li>\n\n\n\n<li>Plan sur mesure, selon les besoins <\/li>\n<\/ol>\n\n\n\n<h1 class=\"wp-block-heading\">Contact<\/h1>\n\n\n\n<p>Pour toute demande, contactez-moi \u00e0 l&#8217;adresse ci-dessous et il me fera plaisir de communiquer avec vous :<\/p>\n\n\n\n<p><a href=\"mailto:catherine_fontaine@hotmail.com\" target=\"_blank\" rel=\"noreferrer noopener\">catherine_fontaine@hotmail.com<\/a><\/p>\n\n\n\n<p><\/p>\n","protected":false},"excerpt":{"rendered":"<p>\u00c0 propos de moi&#8230; Je suis une passionn\u00e9e de l\u2019enseignement au primaire, fi\u00e8re d\u2019un bagage scolaire depuis d\u00e9j\u00e0 20 ans, dont les sept derni\u00e8res ann\u00e9es dans ma classe flexible au deuxi\u00e8me cycle. Depuis mon tout jeune \u00e2ge, j\u2019ai grandi dans un univers de parents enseignants. P\u00e9dagogue dans l\u2019\u00e2me, dynamique et cr\u00e9ative, j\u2019ai \u0153uvr\u00e9 \u00e0 tous &hellip; <\/p>\n<p class=\"link-more\"><a href=\"https:\/\/madamecatherine.ca\/\" class=\"more-link\">Read more<span class=\"screen-reader-text\"> &#8220;Bienvenue !&#8221;<\/span><\/a><\/p>\n","protected":false},"author":1,"featured_media":0,"parent":0,"menu_order":0,"comment_status":"closed","ping_status":"closed","template":"","meta":{"inspiro_hide_title":false,"footnotes":""},"class_list":["post-23","page","type-page","status-publish","hentry"],"_links":{"self":[{"href":"https:\/\/madamecatherine.ca\/index.php?rest_route=\/wp\/v2\/pages\/23","targetHints":{"allow":["GET"]}}],"collection":[{"href":"https:\/\/madamecatherine.ca\/index.php?rest_route=\/wp\/v2\/pages"}],"about":[{"href":"https:\/\/madamecatherine.ca\/index.php?rest_route=\/wp\/v2\/types\/page"}],"author":[{"embeddable":true,"href":"https:\/\/madamecatherine.ca\/index.php?rest_route=\/wp\/v2\/users\/1"}],"replies":[{"embeddable":true,"href":"https:\/\/madamecatherine.ca\/index.php?rest_route=%2Fwp%2Fv2%2Fcomments&post=23"}],"version-history":[{"count":25,"href":"https:\/\/madamecatherine.ca\/index.php?rest_route=\/wp\/v2\/pages\/23\/revisions"}],"predecessor-version":[{"id":67,"href":"https:\/\/madamecatherine.ca\/index.php?rest_route=\/wp\/v2\/pages\/23\/revisions\/67"}],"wp:attachment":[{"href":"https:\/\/madamecatherine.ca\/index.php?rest_route=%2Fwp%2Fv2%2Fmedia&parent=23"}],"curies":[{"name":"wp","href":"https:\/\/api.w.org\/{rel}","templated":true}]}}